{"id":17,"date":"2022-06-28T10:39:21","date_gmt":"2022-06-28T10:39:21","guid":{"rendered":"https:\/\/saw44.de\/?page_id=17"},"modified":"2025-02-06T11:37:11","modified_gmt":"2025-02-06T11:37:11","slug":"institut","status":"publish","type":"page","link":"https:\/\/saw-mafo.de\/en\/","title":{"rendered":"Institute"},"content":{"rendered":"<div data-elementor-type=\"wp-page\" data-elementor-id=\"17\" class=\"elementor elementor-17\" data-elementor-post-type=\"page\">\n\t\t\t\t\t\t<section class=\"elementor-section elementor-top-section elementor-element elementor-element-cb289fa elementor-section-boxed elementor-section-height-default elementor-section-height-default\" data-id=\"cb289fa\" data-element_type=\"section\" data-e-type=\"section\">\n\t\t\t\t\t\t<div class=\"elementor-container elementor-column-gap-default\">\n\t\t\t\t\t<div class=\"elementor-column elementor-col-33 elementor-top-column elementor-element elementor-element-e8ad993\" data-id=\"e8ad993\" data-element_type=\"column\" data-e-type=\"column\">\n\t\t\t<div class=\"elementor-widget-wrap\">\n\t\t\t\t\t\t\t<\/div>\n\t\t<\/div>\n\t\t\t\t<div class=\"elementor-column elementor-col-66 elementor-top-column elementor-element elementor-element-49c1f4d\" data-id=\"49c1f4d\" data-element_type=\"column\" data-e-type=\"column\">\n\t\t\t<div class=\"elementor-widget-wrap elementor-element-populated\">\n\t\t\t\t\t\t<div class=\"elementor-element elementor-element-1d8edfd elementor-widget elementor-widget-heading\" data-id=\"1d8edfd\" data-element_type=\"widget\" data-e-type=\"widget\" id=\"Willkommen\" data-widget_type=\"heading.default\">\n\t\t\t\t<div class=\"elementor-widget-container\">\n\t\t\t\t\t<h2 class=\"elementor-heading-title elementor-size-default\">Welcome to SAW Marktforschung<\/h2>\t\t\t\t<\/div>\n\t\t\t\t<\/div>\n\t\t\t\t\t<\/div>\n\t\t<\/div>\n\t\t\t\t\t<\/div>\n\t\t<\/section>\n\t\t\t\t<section class=\"elementor-section elementor-top-section elementor-element elementor-element-09bf792 elementor-section-boxed elementor-section-height-default elementor-section-height-default\" data-id=\"09bf792\" data-element_type=\"section\" data-e-type=\"section\">\n\t\t\t\t\t\t<div class=\"elementor-container elementor-column-gap-default\">\n\t\t\t\t\t<div class=\"elementor-column elementor-col-50 elementor-top-column elementor-element elementor-element-71500c9\" data-id=\"71500c9\" data-element_type=\"column\" data-e-type=\"column\">\n\t\t\t<div class=\"elementor-widget-wrap elementor-element-populated\">\n\t\t\t\t\t\t<div class=\"elementor-element elementor-element-208542f elementor-widget elementor-widget-image\" data-id=\"208542f\" data-element_type=\"widget\" data-e-type=\"widget\" data-widget_type=\"image.default\">\n\t\t\t\t<div class=\"elementor-widget-container\">\n\t\t\t\t\t\t\t\t\t\t\t\t\t\t\t<img fetchpriority=\"high\" decoding=\"async\" width=\"739\" height=\"409\" src=\"https:\/\/saw-mafo.de\/wp-content\/uploads\/2022\/07\/Hund-Katze-Napf_web.png\" class=\"attachment-large size-large wp-image-2522\" alt=\"\" srcset=\"https:\/\/saw-mafo.de\/wp-content\/uploads\/2022\/07\/Hund-Katze-Napf_web.png 739w, https:\/\/saw-mafo.de\/wp-content\/uploads\/2022\/07\/Hund-Katze-Napf_web-300x166.png 300w\" sizes=\"(max-width: 739px) 100vw, 739px\" \/>\t\t\t\t\t\t\t\t\t\t\t\t\t\t\t<\/div>\n\t\t\t\t<\/div>\n\t\t\t\t\t<\/div>\n\t\t<\/div>\n\t\t\t\t<div class=\"elementor-column elementor-col-50 elementor-top-column elementor-element elementor-element-f8172b0\" data-id=\"f8172b0\" data-element_type=\"column\" data-e-type=\"column\">\n\t\t\t<div class=\"elementor-widget-wrap elementor-element-populated\">\n\t\t\t\t\t\t<div class=\"elementor-element elementor-element-254fa2a elementor-widget elementor-widget-text-editor\" data-id=\"254fa2a\" data-element_type=\"widget\" data-e-type=\"widget\" data-widget_type=\"text-editor.default\">\n\t\t\t\t<div class=\"elementor-widget-container\">\n\t\t\t\t\t\t\t\t\t<p><strong>The Institute<\/strong><\/p><p>SAW Marktforschung is a full-service market research institute based in Ratingen (NRW).\u00a0<span style=\"font-size: 14px; color: var( --e-global-color-text );\">Our areas of expertise are in-home product tests respectively palatability tests for the pet industry.<\/span><\/p><ul><li><a href=\"https:\/\/saw-mafo.de\/en\/leistungen\/#sawdogpanel\"><span style=\"text-decoration: underline;\">Dog Panel<\/span><\/a><\/li><li><span style=\"text-decoration: underline;\"><a href=\"https:\/\/saw-mafo.de\/en\/leistungen\/#sawcatpanel\">Cat Panel<\/a><\/span><\/li><li><a href=\"https:\/\/saw-mafo.de\/en\/leistungen\/#sawrodantpanel\"><span style=\"text-decoration: underline;\">Rodent Panel<\/span><\/a><\/li><\/ul><p>We have been offering services for your market research projects since 1994; from survey planning to outcome reports. Furthermore, we also offer advice regarding practical application of the findings.<\/p><p>...by the way: \"SAW\" means structure - analysis - effect (Wirkung in German)<\/p>\t\t\t\t\t\t\t\t<\/div>\n\t\t\t\t<\/div>\n\t\t\t\t\t<\/div>\n\t\t<\/div>\n\t\t\t\t\t<\/div>\n\t\t<\/section>\n\t\t\t\t<section class=\"elementor-section elementor-top-section elementor-element elementor-element-ffc4e2a elementor-section-boxed elementor-section-height-default elementor-section-height-default\" data-id=\"ffc4e2a\" data-element_type=\"section\" data-e-type=\"section\">\n\t\t\t\t\t\t<div class=\"elementor-container elementor-column-gap-default\">\n\t\t\t\t\t<div class=\"elementor-column elementor-col-100 elementor-top-column elementor-element elementor-element-608e4b7\" data-id=\"608e4b7\" data-element_type=\"column\" data-e-type=\"column\">\n\t\t\t<div class=\"elementor-widget-wrap elementor-element-populated\">\n\t\t\t\t\t\t<div class=\"elementor-element elementor-element-7a3a19f elementor-widget-divider--view-line elementor-widget elementor-widget-divider\" data-id=\"7a3a19f\" data-element_type=\"widget\" data-e-type=\"widget\" id=\"Akzeptanztest\" data-widget_type=\"divider.default\">\n\t\t\t\t<div class=\"elementor-widget-container\">\n\t\t\t\t\t\t\t<div class=\"elementor-divider\">\n\t\t\t<span class=\"elementor-divider-separator\">\n\t\t\t\t\t\t<\/span>\n\t\t<\/div>\n\t\t\t\t\t\t<\/div>\n\t\t\t\t<\/div>\n\t\t\t\t\t<\/div>\n\t\t<\/div>\n\t\t\t\t\t<\/div>\n\t\t<\/section>\n\t\t\t\t<section class=\"elementor-section elementor-top-section elementor-element elementor-element-a97dc57 elementor-section-boxed elementor-section-height-default elementor-section-height-default\" data-id=\"a97dc57\" data-element_type=\"section\" data-e-type=\"section\">\n\t\t\t\t\t\t<div class=\"elementor-container elementor-column-gap-default\">\n\t\t\t\t\t<div class=\"elementor-column elementor-col-33 elementor-top-column elementor-element elementor-element-b066616\" data-id=\"b066616\" data-element_type=\"column\" data-e-type=\"column\">\n\t\t\t<div class=\"elementor-widget-wrap\">\n\t\t\t\t\t\t\t<\/div>\n\t\t<\/div>\n\t\t\t\t<div class=\"elementor-column elementor-col-66 elementor-top-column elementor-element elementor-element-0bdf502\" data-id=\"0bdf502\" data-element_type=\"column\" data-e-type=\"column\">\n\t\t\t<div class=\"elementor-widget-wrap elementor-element-populated\">\n\t\t\t\t\t\t<div class=\"elementor-element elementor-element-0643b18 elementor-widget elementor-widget-heading\" data-id=\"0643b18\" data-element_type=\"widget\" data-e-type=\"widget\" data-widget_type=\"heading.default\">\n\t\t\t\t<div class=\"elementor-widget-container\">\n\t\t\t\t\t<h2 class=\"elementor-heading-title elementor-size-default\">Palatability Tests<\/h2>\t\t\t\t<\/div>\n\t\t\t\t<\/div>\n\t\t\t\t\t<\/div>\n\t\t<\/div>\n\t\t\t\t\t<\/div>\n\t\t<\/section>\n\t\t\t\t<section class=\"elementor-section elementor-top-section elementor-element elementor-element-6feb364 elementor-section-boxed elementor-section-height-default elementor-section-height-default\" data-id=\"6feb364\" data-element_type=\"section\" data-e-type=\"section\">\n\t\t\t\t\t\t<div class=\"elementor-container elementor-column-gap-default\">\n\t\t\t\t\t<div class=\"elementor-column elementor-col-100 elementor-top-column elementor-element elementor-element-59f7769\" data-id=\"59f7769\" data-element_type=\"column\" data-e-type=\"column\">\n\t\t\t<div class=\"elementor-widget-wrap elementor-element-populated\">\n\t\t\t\t\t\t<div class=\"elementor-element elementor-element-892e03d elementor-widget elementor-widget-text-editor\" data-id=\"892e03d\" data-element_type=\"widget\" data-e-type=\"widget\" data-widget_type=\"text-editor.default\">\n\t\t\t\t<div class=\"elementor-widget-container\">\n\t\t\t\t\t\t\t\t\t<p>SAW Marktforschung is the specialist for in-home palatability tests (cats, dogs, as well as small animals).<\/p><p>We carry out our tests in realistic conditions\nin the households in which the animals live. Because the acceptance of products by humans and animals can only be tested in their familiar living environment.<\/p>\t\t\t\t\t\t\t\t<\/div>\n\t\t\t\t<\/div>\n\t\t\t\t\t<\/div>\n\t\t<\/div>\n\t\t\t\t\t<\/div>\n\t\t<\/section>\n\t\t\t\t<section class=\"elementor-section elementor-top-section elementor-element elementor-element-4f7ae04 elementor-section-boxed elementor-section-height-default elementor-section-height-default\" data-id=\"4f7ae04\" data-element_type=\"section\" data-e-type=\"section\">\n\t\t\t\t\t\t<div class=\"elementor-container elementor-column-gap-default\">\n\t\t\t\t\t<div class=\"elementor-column elementor-col-50 elementor-top-column elementor-element elementor-element-18a98c6\" data-id=\"18a98c6\" data-element_type=\"column\" data-e-type=\"column\">\n\t\t\t<div class=\"elementor-widget-wrap elementor-element-populated\">\n\t\t\t\t\t\t<div class=\"elementor-element elementor-element-b43a576 elementor-widget elementor-widget-image\" data-id=\"b43a576\" data-element_type=\"widget\" data-e-type=\"widget\" data-widget_type=\"image.default\">\n\t\t\t\t<div class=\"elementor-widget-container\">\n\t\t\t\t\t\t\t\t\t\t\t\t\t\t\t<img decoding=\"async\" width=\"241\" height=\"163\" src=\"https:\/\/saw-mafo.de\/wp-content\/uploads\/2022\/07\/napf_mit_siegel.png\" class=\"attachment-medium size-medium wp-image-1666\" alt=\"\" \/>\t\t\t\t\t\t\t\t\t\t\t\t\t\t\t<\/div>\n\t\t\t\t<\/div>\n\t\t\t\t\t<\/div>\n\t\t<\/div>\n\t\t\t\t<div class=\"elementor-column elementor-col-50 elementor-top-column elementor-element elementor-element-899b12c\" data-id=\"899b12c\" data-element_type=\"column\" data-e-type=\"column\">\n\t\t\t<div class=\"elementor-widget-wrap elementor-element-populated\">\n\t\t\t\t\t\t<div class=\"elementor-element elementor-element-a572a19 elementor-widget elementor-widget-text-editor\" data-id=\"a572a19\" data-element_type=\"widget\" data-e-type=\"widget\" data-widget_type=\"text-editor.default\">\n\t\t\t\t<div class=\"elementor-widget-container\">\n\t\t\t\t\t\t\t\t\t<p>We offer you:<\/p>\n<ul>\n<li>Palatability tests and palatability tests \u2018plus\u2019: we let your products be tested simultaneously (and therefore cost effectively) by the animal owners<\/li>\n<li>Preference tests (A\/B tests) with or without animal owner assessment<\/li>\n<li>Tolerance and effectivity checks (\u2265 3 week test duration)<\/li>\n<li>Proven survey designs and analysis procedures<\/li>\n<li class=\"translation-block\"><span style=\"text-decoration: underline\"><a href=\"https:\/\/saw-mafo.de\/en\/leistungen\/#benchmarking\" target=\"_self\">Benchmarking<\/a><\/span> on the basis of our data collection<\/span><\/span><\/li>\n<li>Testpanels with a total of approx. 2,000 households<\/li>\n<li>Short-notice execution of tests on the SAW-Panel without waiting periods and long lead times<\/li>\n<li>25 years of experience and over 2,000 in-home tests<\/li>\n<li>A fair price-performance ratio<\/li>\n<\/ul>\t\t\t\t\t\t\t\t<\/div>\n\t\t\t\t<\/div>\n\t\t\t\t\t<\/div>\n\t\t<\/div>\n\t\t\t\t\t<\/div>\n\t\t<\/section>\n\t\t\t\t<section class=\"elementor-section elementor-top-section elementor-element elementor-element-4a5450c elementor-section-boxed elementor-section-height-default elementor-section-height-default\" data-id=\"4a5450c\" data-element_type=\"section\" data-e-type=\"section\">\n\t\t\t\t\t\t<div class=\"elementor-container elementor-column-gap-default\">\n\t\t\t\t\t<div class=\"elementor-column elementor-col-100 elementor-top-column elementor-element elementor-element-03eda29\" data-id=\"03eda29\" data-element_type=\"column\" data-e-type=\"column\">\n\t\t\t<div class=\"elementor-widget-wrap elementor-element-populated\">\n\t\t\t\t\t\t<div class=\"elementor-element elementor-element-3fc2369 elementor-widget-divider--view-line elementor-widget elementor-widget-divider\" data-id=\"3fc2369\" data-element_type=\"widget\" data-e-type=\"widget\" id=\"Testanfrage\" data-widget_type=\"divider.default\">\n\t\t\t\t<div class=\"elementor-widget-container\">\n\t\t\t\t\t\t\t<div class=\"elementor-divider\">\n\t\t\t<span class=\"elementor-divider-separator\">\n\t\t\t\t\t\t<\/span>\n\t\t<\/div>\n\t\t\t\t\t\t<\/div>\n\t\t\t\t<\/div>\n\t\t\t\t\t<\/div>\n\t\t<\/div>\n\t\t\t\t\t<\/div>\n\t\t<\/section>\n\t\t\t\t<section class=\"elementor-section elementor-top-section elementor-element elementor-element-abbd1fc elementor-section-boxed elementor-section-height-default elementor-section-height-default\" data-id=\"abbd1fc\" data-element_type=\"section\" data-e-type=\"section\">\n\t\t\t\t\t\t<div class=\"elementor-container elementor-column-gap-default\">\n\t\t\t\t\t<div class=\"elementor-column elementor-col-33 elementor-top-column elementor-element elementor-element-dcec329\" data-id=\"dcec329\" data-element_type=\"column\" data-e-type=\"column\">\n\t\t\t<div class=\"elementor-widget-wrap\">\n\t\t\t\t\t\t\t<\/div>\n\t\t<\/div>\n\t\t\t\t<div class=\"elementor-column elementor-col-66 elementor-top-column elementor-element elementor-element-7c94621\" data-id=\"7c94621\" data-element_type=\"column\" data-e-type=\"column\">\n\t\t\t<div class=\"elementor-widget-wrap elementor-element-populated\">\n\t\t\t\t\t\t<div class=\"elementor-element elementor-element-ade9efd elementor-widget elementor-widget-heading\" data-id=\"ade9efd\" data-element_type=\"widget\" data-e-type=\"widget\" data-widget_type=\"heading.default\">\n\t\t\t\t<div class=\"elementor-widget-container\">\n\t\t\t\t\t<h2 class=\"elementor-heading-title elementor-size-default\">Contact<\/h2>\t\t\t\t<\/div>\n\t\t\t\t<\/div>\n\t\t\t\t\t<\/div>\n\t\t<\/div>\n\t\t\t\t\t<\/div>\n\t\t<\/section>\n\t\t\t\t<section class=\"elementor-section elementor-top-section elementor-element elementor-element-20eb6d5 elementor-section-boxed elementor-section-height-default elementor-section-height-default\" data-id=\"20eb6d5\" data-element_type=\"section\" data-e-type=\"section\">\n\t\t\t\t\t\t<div class=\"elementor-container elementor-column-gap-default\">\n\t\t\t\t\t<div class=\"elementor-column elementor-col-33 elementor-top-column elementor-element elementor-element-fb0783e\" data-id=\"fb0783e\" data-element_type=\"column\" data-e-type=\"column\">\n\t\t\t<div class=\"elementor-widget-wrap\">\n\t\t\t\t\t\t\t<\/div>\n\t\t<\/div>\n\t\t\t\t<div class=\"elementor-column elementor-col-33 elementor-top-column elementor-element elementor-element-3e1c15c\" data-id=\"3e1c15c\" data-element_type=\"column\" data-e-type=\"column\">\n\t\t\t<div class=\"elementor-widget-wrap elementor-element-populated\">\n\t\t\t\t\t\t<div class=\"elementor-element elementor-element-7a585ec elementor-widget-mobile__width-inherit elementor-widget elementor-widget-text-editor\" data-id=\"7a585ec\" data-element_type=\"widget\" data-e-type=\"widget\" data-widget_type=\"text-editor.default\">\n\t\t\t\t<div class=\"elementor-widget-container\">\n\t\t\t\t\t\t\t\t\t<div><b>Please do not hesitate to send us an e-mail.<\/b><\/div><div><b>\u00a0<\/b><\/div><p>We will contact you as soon as possible.<\/p><p>\u00a0<\/p><p><b>SAW Marktforschung<\/b><\/p><p>Kaiserswerther Stra\u00dfe 85a<br \/>D-40878 Ratingen<\/p><p>Telefon: +49 (0) 2102 \/ 5 16 97 &#8211; 0<br \/>Telefax: +49 (0) 2102 \/ 5 16 97 &#8211; 12<\/p><p>E-mail: info@saw-mafo.de<\/p><p style=\"font-variant-ligatures: normal; font-variant-caps: normal; font-family: Roboto, sans-serif; font-size: 14px; font-style: normal; font-weight: 400;\">\u00a0<\/p>\t\t\t\t\t\t\t\t<\/div>\n\t\t\t\t<\/div>\n\t\t\t\t\t<\/div>\n\t\t<\/div>\n\t\t\t\t<div class=\"elementor-column elementor-col-33 elementor-top-column elementor-element elementor-element-9c9d60b\" data-id=\"9c9d60b\" data-element_type=\"column\" data-e-type=\"column\">\n\t\t\t<div class=\"elementor-widget-wrap elementor-element-populated\">\n\t\t\t\t\t\t<div class=\"elementor-element elementor-element-382d55e elementor-widget elementor-widget-text-editor\" data-id=\"382d55e\" data-element_type=\"widget\" data-e-type=\"widget\" data-widget_type=\"text-editor.default\">\n\t\t\t\t<div class=\"elementor-widget-container\">\n\t\t\t\t\t\t\t\t\t<p>\n<div class=\"wpcf7 no-js\" id=\"wpcf7-f1014-o1\" lang=\"de-DE\" dir=\"ltr\" data-wpcf7-id=\"1014\">\n<div class=\"screen-reader-response\"><p role=\"status\" aria-live=\"polite\" aria-atomic=\"true\"><\/p> <ul><\/ul><\/div>\n<form action=\"\/en\/wp-json\/wp\/v2\/pages\/17#wpcf7-f1014-o1\" method=\"post\" class=\"wpcf7-form init\" aria-label=\"Kontaktformular\" novalidate=\"novalidate\" data-status=\"init\" data-trp-original-action=\"\/en\/wp-json\/wp\/v2\/pages\/17#wpcf7-f1014-o1\">\n<div style=\"display: none;\">\n<input type=\"hidden\" name=\"_wpcf7\" value=\"1014\" \/>\n<input type=\"hidden\" name=\"_wpcf7_version\" value=\"6.0.6\" \/>\n<input type=\"hidden\" name=\"_wpcf7_locale\" value=\"de_DE\" \/>\n<input type=\"hidden\" name=\"_wpcf7_unit_tag\" value=\"wpcf7-f1014-o1\" \/>\n<input type=\"hidden\" name=\"_wpcf7_container_post\" value=\"0\" \/>\n<input type=\"hidden\" name=\"_wpcf7_posted_data_hash\" value=\"\" \/>\n<\/div>\n<p><label> Your name<br \/>\n<span class=\"wpcf7-form-control-wrap\" data-name=\"your-name\"><input size=\"40\" maxlength=\"400\" class=\"wpcf7-form-control wpcf7-text wpcf7-validates-as-required\" aria-required=\"true\" aria-invalid=\"false\" value=\"\" type=\"text\" name=\"your-name\" \/><\/span> <\/label>\n<\/p>\n<p><label> Your e-mail address<br \/>\n<span class=\"wpcf7-form-control-wrap\" data-name=\"your-email\"><input size=\"40\" maxlength=\"400\" class=\"wpcf7-form-control wpcf7-email wpcf7-validates-as-required wpcf7-text wpcf7-validates-as-email\" aria-required=\"true\" aria-invalid=\"false\" value=\"\" type=\"email\" name=\"your-email\" \/><\/span> <\/label>\n<\/p>\n<p><label> Subject<br \/>\n<span class=\"wpcf7-form-control-wrap\" data-name=\"your-subject\"><input size=\"40\" maxlength=\"400\" class=\"wpcf7-form-control wpcf7-text wpcf7-validates-as-required\" aria-required=\"true\" aria-invalid=\"false\" value=\"\" type=\"text\" name=\"your-subject\" \/><\/span> <\/label>\n<\/p>\n<p><label> Your message<br \/>\n<span class=\"wpcf7-form-control-wrap\" data-name=\"your-message\"><textarea cols=\"40\" rows=\"10\" maxlength=\"2000\" class=\"wpcf7-form-control wpcf7-textarea\" aria-invalid=\"false\" name=\"your-message\"><\/textarea><\/span> <\/label>\n<\/p>\n<p><input class=\"wpcf7-form-control wpcf7-submit has-spinner\" type=\"submit\" value=\"Send\" \/>\n<\/p><div class=\"wpcf7-response-output\" aria-hidden=\"true\"><\/div>\n<input type=\"hidden\" name=\"trp-form-language\" value=\"en\"\/><\/form>\n<\/div>\n<\/p>\t\t\t\t\t\t\t\t<\/div>\n\t\t\t\t<\/div>\n\t\t\t\t\t<\/div>\n\t\t<\/div>\n\t\t\t\t\t<\/div>\n\t\t<\/section>\n\t\t\t\t<\/div>","protected":false},"excerpt":{"rendered":"<p>Herzlich Willkommen bei der SAW Marktforschung Das Institut Die SAW Marktforschung ist ein Full-Service-Marktforschungsinstitut mit Sitz in Ratingen (NRW).\u00a0Unsere Schwerpunkte sind Produkt- bzw. In-Home Akzeptanztests f\u00fcr die Heimtierbranche. Dog Panel Cat Panel Rodent Panel Seit 1994 bieten wir Ihnen Dienstleistungen f\u00fcr Ihre Marktforschungsprojekte, von der Untersuchungsplanung bis zum Ergebnisbericht und dar\u00fcber hinaus Beratung zur praktischen [&hellip;]<\/p>\n","protected":false},"author":1,"featured_media":0,"parent":0,"menu_order":0,"comment_status":"closed","ping_status":"closed","template":"","meta":{"footnotes":""},"class_list":["post-17","page","type-page","status-publish","hentry","entry"],"_links":{"self":[{"href":"https:\/\/saw-mafo.de\/en\/wp-json\/wp\/v2\/pages\/17"}],"collection":[{"href":"https:\/\/saw-mafo.de\/en\/wp-json\/wp\/v2\/pages"}],"about":[{"href":"https:\/\/saw-mafo.de\/en\/wp-json\/wp\/v2\/types\/page"}],"author":[{"embeddable":true,"href":"https:\/\/saw-mafo.de\/en\/wp-json\/wp\/v2\/users\/1"}],"replies":[{"embeddable":true,"href":"https:\/\/saw-mafo.de\/en\/wp-json\/wp\/v2\/comments?post=17"}],"version-history":[{"count":461,"href":"https:\/\/saw-mafo.de\/en\/wp-json\/wp\/v2\/pages\/17\/revisions"}],"predecessor-version":[{"id":3862,"href":"https:\/\/saw-mafo.de\/en\/wp-json\/wp\/v2\/pages\/17\/revisions\/3862"}],"wp:attachment":[{"href":"https:\/\/saw-mafo.de\/en\/wp-json\/wp\/v2\/media?parent=17"}],"curies":[{"name":"wp","href":"https:\/\/api.w.org\/{rel}","templated":true}]}}